{"id":9092,"date":"2021-02-05T15:28:29","date_gmt":"2021-02-05T15:28:29","guid":{"rendered":"https:\/\/rikissattasemjari.is\/?page_id=9092"},"modified":"2021-05-19T13:18:47","modified_gmt":"2021-05-19T13:18:47","slug":"press","status":"publish","type":"page","link":"https:\/\/rikissattasemjari.is\/en\/press\/","title":{"rendered":"Press"},"content":{"rendered":"[vc_row type=&#8221;in_container&#8221; full_screen_row_position=&#8221;middle&#8221; column_margin=&#8221;none&#8221; equal_height=&#8221;yes&#8221; column_direction=&#8221;default&#8221; column_direction_tablet=&#8221;default&#8221; column_direction_phone=&#8221;default&#8221; scene_position=&#8221;top&#8221; text_color=&#8221;dark&#8221; text_align=&#8221;left&#8221; row_border_radius=&#8221;none&#8221; row_border_radius_applies=&#8221;bg&#8221; class=&#8221;single-page-hero-banner&#8221; overlay_strength=&#8221;0.3&#8243; gradient_direction=&#8221;left_to_right&#8221; shape_divider_position=&#8221;bottom&#8221; bg_image_animation=&#8221;none&#8221; shape_type=&#8221;&#8221;][vc_column column_padding=&#8221;no-extra-padding&#8221; column_padding_tablet=&#8221;inherit&#8221; column_padding_phone=&#8221;inherit&#8221; column_padding_position=&#8221;all&#8221; column_element_spacing=&#8221;default&#8221; background_color_opacity=&#8221;1&#8243; background_hover_color_opacity=&#8221;1&#8243; column_shadow=&#8221;none&#8221; column_border_radius=&#8221;none&#8221; column_link_target=&#8221;_self&#8221; gradient_direction=&#8221;left_to_right&#8221; overlay_strength=&#8221;0.3&#8243; width=&#8221;1\/1&#8243; tablet_width_inherit=&#8221;default&#8221; tablet_text_alignment=&#8221;default&#8221; phone_text_alignment=&#8221;default&#8221; bg_image_animation=&#8221;none&#8221; border_type=&#8221;simple&#8221; column_border_width=&#8221;none&#8221; column_border_style=&#8221;solid&#8221;][vc_row_inner column_margin=&#8221;none&#8221; column_direction=&#8221;default&#8221; column_direction_tablet=&#8221;default&#8221; column_direction_phone=&#8221;default&#8221; text_align=&#8221;left&#8221; class=&#8221;single-page-hero-banner-media&#8221;][vc_column_inner column_padding=&#8221;no-extra-padding&#8221; column_padding_tablet=&#8221;inherit&#8221; column_padding_phone=&#8221;inherit&#8221; column_padding_position=&#8221;all&#8221; column_element_spacing=&#8221;default&#8221; background_color_opacity=&#8221;1&#8243; background_hover_color_opacity=&#8221;1&#8243; background_image=&#8221;12060&#8243; background_image_position=&#8221;center center&#8221; background_image_loading=&#8221;default&#8221; column_shadow=&#8221;none&#8221; column_border_radius=&#8221;none&#8221; column_link_target=&#8221;_self&#8221; el_class=&#8221;single-page-hero-banner-media__image&#8221; gradient_direction=&#8221;left_to_right&#8221; overlay_strength=&#8221;0.3&#8243; width=&#8221;1\/1&#8243; tablet_width_inherit=&#8221;default&#8221; bg_image_animation=&#8221;none&#8221; border_type=&#8221;simple&#8221; column_border_width=&#8221;none&#8221; column_border_style=&#8221;solid&#8221;][divider line_type=&#8221;No Line&#8221; custom_height=&#8221;410&#8243; custom_height_tablet=&#8221;320&#8243; custom_height_phone=&#8221;180&#8243;][\/vc_column_inner][\/vc_row_inner][vc_row_inner column_margin=&#8221;default&#8221; column_direction=&#8221;default&#8221; column_direction_tablet=&#8221;default&#8221; column_direction_phone=&#8221;default&#8221; text_align=&#8221;left&#8221; class=&#8221;single-page-hero-banner-content&#8221;][vc_column_inner column_padding=&#8221;no-extra-padding&#8221; column_padding_tablet=&#8221;inherit&#8221; column_padding_phone=&#8221;inherit&#8221; column_padding_position=&#8221;all&#8221; column_element_spacing=&#8221;default&#8221; background_color_opacity=&#8221;1&#8243; background_hover_color_opacity=&#8221;1&#8243; column_shadow=&#8221;none&#8221; column_border_radius=&#8221;none&#8221; column_link_target=&#8221;_self&#8221; gradient_direction=&#8221;left_to_right&#8221; overlay_strength=&#8221;0.3&#8243; width=&#8221;1\/1&#8243; tablet_width_inherit=&#8221;default&#8221; bg_image_animation=&#8221;none&#8221; border_type=&#8221;simple&#8221; column_border_width=&#8221;none&#8221; column_border_style=&#8221;solid&#8221;][vc_custom_heading source=&#8221;post_title&#8221; font_container=&#8221;tag:h1|text_align:left|color:%230f0d0c&#8221; use_theme_fonts=&#8221;yes&#8221; css_animation=&#8221;fadeInUp&#8221; el_class=&#8221;single-page-hero-banner-title&#8221;][vc_column_text css_animation=&#8221;fadeInUp&#8221; el_class=&#8221;single-page-hero-banner-description&#8221;][\/vc_column_text][\/vc_column_inner][\/vc_row_inner][\/vc_column][\/vc_row][vc_row type=&#8221;in_container&#8221; full_screen_row_position=&#8221;middle&#8221; column_margin=&#8221;default&#8221; column_direction=&#8221;default&#8221; column_direction_tablet=&#8221;default&#8221; column_direction_phone=&#8221;default&#8221; scene_position=&#8221;center&#8221; text_color=&#8221;dark&#8221; text_align=&#8221;left&#8221; row_border_radius=&#8221;none&#8221; row_border_radius_applies=&#8221;bg&#8221; overlay_strength=&#8221;0.3&#8243; gradient_direction=&#8221;left_to_right&#8221; shape_divider_position=&#8221;bottom&#8221; bg_image_animation=&#8221;none&#8221; shape_type=&#8221;&#8221;][vc_column column_padding=&#8221;no-extra-padding&#8221; column_padding_tablet=&#8221;inherit&#8221; column_padding_phone=&#8221;inherit&#8221; column_padding_position=&#8221;all&#8221; column_element_spacing=&#8221;default&#8221; background_color_opacity=&#8221;1&#8243; background_hover_color_opacity=&#8221;1&#8243; column_shadow=&#8221;none&#8221; column_border_radius=&#8221;none&#8221; column_link_target=&#8221;_self&#8221; gradient_direction=&#8221;left_to_right&#8221; overlay_strength=&#8221;0.3&#8243; width=&#8221;1\/1&#8243; tablet_width_inherit=&#8221;default&#8221; tablet_text_alignment=&#8221;default&#8221; phone_text_alignment=&#8221;default&#8221; bg_image_animation=&#8221;none&#8221; border_type=&#8221;simple&#8221; column_border_width=&#8221;none&#8221; column_border_style=&#8221;solid&#8221;][vc_row_inner column_margin=&#8221;default&#8221; column_direction=&#8221;default&#8221; column_direction_tablet=&#8221;default&#8221; column_direction_phone=&#8221;default&#8221; text_align=&#8221;left&#8221; class=&#8221;single-page-content-container&#8221;][vc_column_inner column_padding=&#8221;no-extra-padding&#8221; column_padding_tablet=&#8221;inherit&#8221; column_padding_phone=&#8221;inherit&#8221; column_padding_position=&#8221;all&#8221; column_element_spacing=&#8221;default&#8221; background_color_opacity=&#8221;1&#8243; background_hover_color_opacity=&#8221;1&#8243; column_shadow=&#8221;none&#8221; column_border_radius=&#8221;none&#8221; column_link_target=&#8221;_self&#8221; gradient_direction=&#8221;left_to_right&#8221; overlay_strength=&#8221;0.3&#8243; width=&#8221;1\/5&#8243; tablet_width_inherit=&#8221;default&#8221; bg_image_animation=&#8221;none&#8221; border_type=&#8221;simple&#8221; column_border_width=&#8221;none&#8221; column_border_style=&#8221;solid&#8221;][vc_widget_sidebar enable_sticky=&#8221;true&#8221; sidebar_id=&#8221;cs-1&#8243; el_class=&#8221;single-page-sidebar&#8221;][\/vc_column_inner][vc_column_inner column_padding=&#8221;no-extra-padding&#8221; column_padding_tablet=&#8221;inherit&#8221; column_padding_phone=&#8221;inherit&#8221; column_padding_position=&#8221;all&#8221; column_element_spacing=&#8221;default&#8221; background_color_opacity=&#8221;1&#8243; background_hover_color_opacity=&#8221;1&#8243; column_shadow=&#8221;none&#8221; column_border_radius=&#8221;none&#8221; column_link_target=&#8221;_self&#8221; gradient_direction=&#8221;left_to_right&#8221; overlay_strength=&#8221;0.3&#8243; width=&#8221;3\/5&#8243; tablet_width_inherit=&#8221;default&#8221; bg_image_animation=&#8221;none&#8221; border_type=&#8221;simple&#8221; column_border_width=&#8221;none&#8221; column_border_style=&#8221;solid&#8221;][vc_column_text css_animation=&#8221;fadeIn&#8221; el_class=&#8221;single-page-content&#8221;]\n<blockquote>\n<h3><strong>Contact<\/strong><br \/>\nfor press information, images, media resources or interviews<\/h3>\n<\/blockquote>\n<p>Please\u00a0contact Office Manager El\u00edsabet S. \u00d3lafsd\u00f3ttir,\u00a0for press information, images and media resources about the SCMO, and to request interviews.<br \/>\nTel. +354 411 4411.\u00a0Email: rikissattasemjari(at)rikissattasemjari.is<\/p>\n<p>&nbsp;<\/p>\n<blockquote>\n<h3><strong>Emblem logo<\/strong><br \/>\nof the SCMO<\/h3>\n<\/blockquote>\n<p>The emblem logo of the SCMO is based on the <a href=\"https:\/\/www.government.is\/topics\/governance-and-national-symbols\/icelandic-coat-of-arms\/\">Icelandic coat of arms<\/a>, in which the supporters represent the four guardian spirits of Iceland: a bull, a vulture, a dragon, and a giant.<\/p>\n<p><a href=\"https:\/\/rikissattasemjari.is\/wp-content\/uploads\/2021\/02\/Rikissattasemjari_merki_isl_pos-copy.png\"><img loading=\"lazy\" decoding=\"async\" class=\"alignleft size-medium wp-image-10101\" src=\"https:\/\/rikissattasemjari.is\/wp-content\/uploads\/2021\/02\/Rikissattasemjari_merki_isl_pos-copy-300x212.png\" alt=\"Merki r\u00edkiss\u00e1ttasemjara\" width=\"300\" height=\"212\" srcset=\"https:\/\/rikissattasemjari.is\/wp-content\/uploads\/2021\/02\/Rikissattasemjari_merki_isl_pos-copy-300x212.png 300w, https:\/\/rikissattasemjari.is\/wp-content\/uploads\/2021\/02\/Rikissattasemjari_merki_isl_pos-copy-1030x728.png 1030w, https:\/\/rikissattasemjari.is\/wp-content\/uploads\/2021\/02\/Rikissattasemjari_merki_isl_pos-copy-768x543.png 768w, https:\/\/rikissattasemjari.is\/wp-content\/uploads\/2021\/02\/Rikissattasemjari_merki_isl_pos-copy-1536x1086.png 1536w, https:\/\/rikissattasemjari.is\/wp-content\/uploads\/2021\/02\/Rikissattasemjari_merki_isl_pos-copy-2048x1448.png 2048w\" sizes=\"auto, (max-width: 300px) 100vw, 300px\" \/><\/a><\/p>\n<p>&nbsp;<\/p>\n<p>&nbsp;<\/p>\n<p>&nbsp;<\/p>\n<p>(Click on the logo for a larger version.)<\/p>\n[\/vc_column_text][divider line_type=&#8221;No Line&#8221;][divider line_type=&#8221;No Line&#8221; custom_height=&#8221;50&#8243;][vc_column_text]\n<h3><\/h3>\n<h3><\/h3>\n<h3><\/h3>\n<blockquote>\n<h3><strong>Press images<\/strong><\/h3>\n<\/blockquote>\n[\/vc_column_text][divider line_type=&#8221;No Line&#8221; custom_height=&#8221;50&#8243;][vc_gallery type=&#8221;parallax_image_grid&#8221; images=&#8221;9182,9775,9787,6750&#8243; display_title_caption=&#8221;true&#8221;][\/vc_column_inner][vc_column_inner column_padding=&#8221;no-extra-padding&#8221; column_padding_tablet=&#8221;inherit&#8221; column_padding_phone=&#8221;inherit&#8221; column_padding_position=&#8221;all&#8221; column_element_spacing=&#8221;default&#8221; background_color_opacity=&#8221;1&#8243; background_hover_color_opacity=&#8221;1&#8243; column_shadow=&#8221;none&#8221; column_border_radius=&#8221;none&#8221; column_link_target=&#8221;_self&#8221; gradient_direction=&#8221;left_to_right&#8221; overlay_strength=&#8221;0.3&#8243; width=&#8221;1\/5&#8243; tablet_width_inherit=&#8221;default&#8221; bg_image_animation=&#8221;none&#8221; border_type=&#8221;simple&#8221; column_border_width=&#8221;none&#8221; column_border_style=&#8221;solid&#8221;][\/vc_column_inner][\/vc_row_inner][\/vc_column][\/vc_row]\n","protected":false},"excerpt":{"rendered":"<p>[vc_row type=&#8221;in_container&#8221; full_screen_row_position=&#8221;middle&#8221; column_margin=&#8221;none&#8221; equal_height=&#8221;yes&#8221; column_direction=&#8221;default&#8221; column_direction_tablet=&#8221;default&#8221; column_direction_phone=&#8221;default&#8221; scene_position=&#8221;top&#8221; text_color=&#8221;dark&#8221;&#8230;<\/p>\n","protected":false},"author":10,"featured_media":0,"parent":0,"menu_order":0,"comment_status":"closed","ping_status":"closed","template":"","meta":{"om_disable_all_campaigns":false,"_monsterinsights_skip_tracking":false,"_monsterinsights_sitenote_active":false,"_monsterinsights_sitenote_note":"","_monsterinsights_sitenote_category":0,"_price":"","_stock":"","_tribe_ticket_header":"","_tribe_default_ticket_provider":"","_tribe_ticket_capacity":"0","_ticket_start_date":"","_ticket_end_date":"","_tribe_ticket_show_description":"","_tribe_ticket_show_not_going":false,"_tribe_ticket_use_global_stock":"","_tribe_ticket_global_stock_level":"","_global_stock_mode":"","_global_stock_cap":"","_tribe_rsvp_for_event":"","_tribe_ticket_going_count":"","_tribe_ticket_not_going_count":"","_tribe_tickets_list":"[]","_tribe_ticket_has_attendee_info_fields":false,"_EventAllDay":false,"_EventTimezone":"","_EventStartDate":"","_EventEndDate":"","_EventStartDateUTC":"","_EventEndDateUTC":"","_EventShowMap":false,"_EventShowMapLink":false,"_EventURL":"","_EventCost":"","_EventCostDescription":"","_EventCurrencySymbol":"","_EventCurrencyCode":"","_EventCurrencyPosition":"","_EventDateTimeSeparator":"","_EventTimeRangeSeparator":"","_EventOrganizerID":[],"_EventVenueID":[],"_OrganizerEmail":"","_OrganizerPhone":"","_OrganizerWebsite":"","_VenueAddress":"","_VenueCity":"","_VenueCountry":"","_VenueProvince":"","_VenueState":"","_VenueZip":"","_VenuePhone":"","_VenueURL":"","_VenueStateProvince":"","_VenueLat":"","_VenueLng":"","_VenueShowMap":false,"_VenueShowMapLink":false,"_tribe_blocks_recurrence_rules":"","_tribe_blocks_recurrence_description":"","_tribe_blocks_recurrence_exclusions":"","footnotes":""},"class_list":["post-9092","page","type-page","status-publish"],"yoast_head":"<!-- This site is optimized with the Yoast SEO plugin v24.5 - https:\/\/yoast.com\/wordpress\/plugins\/seo\/ -->\n<title>Information for the Press | R\u00edkiss\u00e1ttasemjari | Press<\/title>\n<meta name=\"description\" content=\"Welcome to the press page of the SCMO. Here you&#039;ll find information for the media and press, images and emblem logo to download.\" \/>\n<meta name=\"robots\" content=\"index, follow, max-snippet:-1, max-image-preview:large, max-video-preview:-1\" \/>\n<link rel=\"canonical\" href=\"https:\/\/rikissattasemjari.is\/en\/press\/\" \/>\n<meta property=\"og:locale\" content=\"en_US\" \/>\n<meta property=\"og:type\" content=\"article\" \/>\n<meta property=\"og:title\" content=\"Information for the Press | R\u00edkiss\u00e1ttasemjari | Press\" \/>\n<meta property=\"og:description\" content=\"Welcome to the press page of the SCMO. Here you&#039;ll find information for the media and press, images and emblem logo to download.\" \/>\n<meta property=\"og:url\" content=\"https:\/\/rikissattasemjari.is\/en\/press\/\" \/>\n<meta property=\"og:site_name\" content=\"R\u00edkiss\u00e1ttasemjari\" \/>\n<meta property=\"article:modified_time\" content=\"2021-05-19T13:18:47+00:00\" \/>\n<meta property=\"og:image\" content=\"https:\/\/rikissattasemjari.is\/wp-content\/uploads\/2021\/02\/Rikissattasemjari_merki_isl_pos-copy-300x212.png\" \/>\n<meta name=\"twitter:card\" content=\"summary_large_image\" \/>\n<meta name=\"twitter:label1\" content=\"Est. reading time\" \/>\n\t<meta name=\"twitter:data1\" content=\"2 minutes\" \/>\n<script type=\"application\/ld+json\" class=\"yoast-schema-graph\">{\"@context\":\"https:\/\/schema.org\",\"@graph\":[{\"@type\":\"WebPage\",\"@id\":\"https:\/\/rikissattasemjari.is\/en\/press\/\",\"url\":\"https:\/\/rikissattasemjari.is\/en\/press\/\",\"name\":\"Information for the Press | R\u00edkiss\u00e1ttasemjari | Press\",\"isPartOf\":{\"@id\":\"https:\/\/rikissattasemjari.is\/#website\"},\"primaryImageOfPage\":{\"@id\":\"https:\/\/rikissattasemjari.is\/en\/press\/#primaryimage\"},\"image\":{\"@id\":\"https:\/\/rikissattasemjari.is\/en\/press\/#primaryimage\"},\"thumbnailUrl\":\"https:\/\/rikissattasemjari.is\/wp-content\/uploads\/2021\/02\/Rikissattasemjari_merki_isl_pos-copy-300x212.png\",\"datePublished\":\"2021-02-05T15:28:29+00:00\",\"dateModified\":\"2021-05-19T13:18:47+00:00\",\"description\":\"Welcome to the press page of the SCMO. Here you'll find information for the media and press, images and emblem logo to download.\",\"breadcrumb\":{\"@id\":\"https:\/\/rikissattasemjari.is\/en\/press\/#breadcrumb\"},\"inLanguage\":\"en-US\",\"potentialAction\":[{\"@type\":\"ReadAction\",\"target\":[\"https:\/\/rikissattasemjari.is\/en\/press\/\"]}]},{\"@type\":\"ImageObject\",\"inLanguage\":\"en-US\",\"@id\":\"https:\/\/rikissattasemjari.is\/en\/press\/#primaryimage\",\"url\":\"https:\/\/rikissattasemjari.is\/wp-content\/uploads\/2021\/02\/Rikissattasemjari_merki_isl_pos-copy-300x212.png\",\"contentUrl\":\"https:\/\/rikissattasemjari.is\/wp-content\/uploads\/2021\/02\/Rikissattasemjari_merki_isl_pos-copy-300x212.png\"},{\"@type\":\"BreadcrumbList\",\"@id\":\"https:\/\/rikissattasemjari.is\/en\/press\/#breadcrumb\",\"itemListElement\":[{\"@type\":\"ListItem\",\"position\":1,\"name\":\"Heim\",\"item\":\"https:\/\/rikissattasemjari.is\/en\/\"},{\"@type\":\"ListItem\",\"position\":2,\"name\":\"Press\"}]},{\"@type\":\"WebSite\",\"@id\":\"https:\/\/rikissattasemjari.is\/#website\",\"url\":\"https:\/\/rikissattasemjari.is\/\",\"name\":\"R\u00edkiss\u00e1ttasemjari\",\"description\":\"Vefur r\u00edkiss\u00e1ttasemjara\",\"publisher\":{\"@id\":\"https:\/\/rikissattasemjari.is\/#organization\"},\"potentialAction\":[{\"@type\":\"SearchAction\",\"target\":{\"@type\":\"EntryPoint\",\"urlTemplate\":\"https:\/\/rikissattasemjari.is\/?s={search_term_string}\"},\"query-input\":{\"@type\":\"PropertyValueSpecification\",\"valueRequired\":true,\"valueName\":\"search_term_string\"}}],\"inLanguage\":\"en-US\"},{\"@type\":\"Organization\",\"@id\":\"https:\/\/rikissattasemjari.is\/#organization\",\"name\":\"R\u00edkiss\u00e1ttasemjari\",\"url\":\"https:\/\/rikissattasemjari.is\/\",\"logo\":{\"@type\":\"ImageObject\",\"inLanguage\":\"en-US\",\"@id\":\"https:\/\/rikissattasemjari.is\/#\/schema\/logo\/image\/\",\"url\":\"https:\/\/rikissattasemjari.is\/wp-content\/uploads\/2021\/01\/Rikissattasemjari_merki_alt_vinstri_pos.png\",\"contentUrl\":\"https:\/\/rikissattasemjari.is\/wp-content\/uploads\/2021\/01\/Rikissattasemjari_merki_alt_vinstri_pos.png\",\"width\":2126,\"height\":472,\"caption\":\"R\u00edkiss\u00e1ttasemjari\"},\"image\":{\"@id\":\"https:\/\/rikissattasemjari.is\/#\/schema\/logo\/image\/\"}}]}<\/script>\n<!-- \/ Yoast SEO plugin. -->","yoast_head_json":{"title":"Information for the Press | R\u00edkiss\u00e1ttasemjari | Press","description":"Welcome to the press page of the SCMO. Here you'll find information for the media and press, images and emblem logo to download.","robots":{"index":"index","follow":"follow","max-snippet":"max-snippet:-1","max-image-preview":"max-image-preview:large","max-video-preview":"max-video-preview:-1"},"canonical":"https:\/\/rikissattasemjari.is\/en\/press\/","og_locale":"en_US","og_type":"article","og_title":"Information for the Press | R\u00edkiss\u00e1ttasemjari | Press","og_description":"Welcome to the press page of the SCMO. Here you'll find information for the media and press, images and emblem logo to download.","og_url":"https:\/\/rikissattasemjari.is\/en\/press\/","og_site_name":"R\u00edkiss\u00e1ttasemjari","article_modified_time":"2021-05-19T13:18:47+00:00","og_image":[{"url":"https:\/\/rikissattasemjari.is\/wp-content\/uploads\/2021\/02\/Rikissattasemjari_merki_isl_pos-copy-300x212.png","type":"","width":"","height":""}],"twitter_card":"summary_large_image","twitter_misc":{"Est. reading time":"2 minutes"},"schema":{"@context":"https:\/\/schema.org","@graph":[{"@type":"WebPage","@id":"https:\/\/rikissattasemjari.is\/en\/press\/","url":"https:\/\/rikissattasemjari.is\/en\/press\/","name":"Information for the Press | R\u00edkiss\u00e1ttasemjari | Press","isPartOf":{"@id":"https:\/\/rikissattasemjari.is\/#website"},"primaryImageOfPage":{"@id":"https:\/\/rikissattasemjari.is\/en\/press\/#primaryimage"},"image":{"@id":"https:\/\/rikissattasemjari.is\/en\/press\/#primaryimage"},"thumbnailUrl":"https:\/\/rikissattasemjari.is\/wp-content\/uploads\/2021\/02\/Rikissattasemjari_merki_isl_pos-copy-300x212.png","datePublished":"2021-02-05T15:28:29+00:00","dateModified":"2021-05-19T13:18:47+00:00","description":"Welcome to the press page of the SCMO. Here you'll find information for the media and press, images and emblem logo to download.","breadcrumb":{"@id":"https:\/\/rikissattasemjari.is\/en\/press\/#breadcrumb"},"inLanguage":"en-US","potentialAction":[{"@type":"ReadAction","target":["https:\/\/rikissattasemjari.is\/en\/press\/"]}]},{"@type":"ImageObject","inLanguage":"en-US","@id":"https:\/\/rikissattasemjari.is\/en\/press\/#primaryimage","url":"https:\/\/rikissattasemjari.is\/wp-content\/uploads\/2021\/02\/Rikissattasemjari_merki_isl_pos-copy-300x212.png","contentUrl":"https:\/\/rikissattasemjari.is\/wp-content\/uploads\/2021\/02\/Rikissattasemjari_merki_isl_pos-copy-300x212.png"},{"@type":"BreadcrumbList","@id":"https:\/\/rikissattasemjari.is\/en\/press\/#breadcrumb","itemListElement":[{"@type":"ListItem","position":1,"name":"Heim","item":"https:\/\/rikissattasemjari.is\/en\/"},{"@type":"ListItem","position":2,"name":"Press"}]},{"@type":"WebSite","@id":"https:\/\/rikissattasemjari.is\/#website","url":"https:\/\/rikissattasemjari.is\/","name":"R\u00edkiss\u00e1ttasemjari","description":"Vefur r\u00edkiss\u00e1ttasemjara","publisher":{"@id":"https:\/\/rikissattasemjari.is\/#organization"},"potentialAction":[{"@type":"SearchAction","target":{"@type":"EntryPoint","urlTemplate":"https:\/\/rikissattasemjari.is\/?s={search_term_string}"},"query-input":{"@type":"PropertyValueSpecification","valueRequired":true,"valueName":"search_term_string"}}],"inLanguage":"en-US"},{"@type":"Organization","@id":"https:\/\/rikissattasemjari.is\/#organization","name":"R\u00edkiss\u00e1ttasemjari","url":"https:\/\/rikissattasemjari.is\/","logo":{"@type":"ImageObject","inLanguage":"en-US","@id":"https:\/\/rikissattasemjari.is\/#\/schema\/logo\/image\/","url":"https:\/\/rikissattasemjari.is\/wp-content\/uploads\/2021\/01\/Rikissattasemjari_merki_alt_vinstri_pos.png","contentUrl":"https:\/\/rikissattasemjari.is\/wp-content\/uploads\/2021\/01\/Rikissattasemjari_merki_alt_vinstri_pos.png","width":2126,"height":472,"caption":"R\u00edkiss\u00e1ttasemjari"},"image":{"@id":"https:\/\/rikissattasemjari.is\/#\/schema\/logo\/image\/"}}]}},"_links":{"self":[{"href":"https:\/\/rikissattasemjari.is\/en\/wp-json\/wp\/v2\/pages\/9092","targetHints":{"allow":["GET"]}}],"collection":[{"href":"https:\/\/rikissattasemjari.is\/en\/wp-json\/wp\/v2\/pages"}],"about":[{"href":"https:\/\/rikissattasemjari.is\/en\/wp-json\/wp\/v2\/types\/page"}],"author":[{"embeddable":true,"href":"https:\/\/rikissattasemjari.is\/en\/wp-json\/wp\/v2\/users\/10"}],"replies":[{"embeddable":true,"href":"https:\/\/rikissattasemjari.is\/en\/wp-json\/wp\/v2\/comments?post=9092"}],"version-history":[{"count":38,"href":"https:\/\/rikissattasemjari.is\/en\/wp-json\/wp\/v2\/pages\/9092\/revisions"}],"predecessor-version":[{"id":12605,"href":"https:\/\/rikissattasemjari.is\/en\/wp-json\/wp\/v2\/pages\/9092\/revisions\/12605"}],"wp:attachment":[{"href":"https:\/\/rikissattasemjari.is\/en\/wp-json\/wp\/v2\/media?parent=9092"}],"curies":[{"name":"wp","href":"https:\/\/api.w.org\/{rel}","templated":true}]}}