{"id":9090,"date":"2021-02-05T15:27:35","date_gmt":"2021-02-05T15:27:35","guid":{"rendered":"https:\/\/rikissattasemjari.is\/?page_id=9090"},"modified":"2021-05-12T19:53:53","modified_gmt":"2021-05-12T19:53:53","slug":"statistics","status":"publish","type":"page","link":"https:\/\/rikissattasemjari.is\/en\/statistics\/","title":{"rendered":"Statistics"},"content":{"rendered":"[vc_row type=&#8221;in_container&#8221; full_screen_row_position=&#8221;middle&#8221; column_margin=&#8221;none&#8221; equal_height=&#8221;yes&#8221; column_direction=&#8221;default&#8221; column_direction_tablet=&#8221;default&#8221; column_direction_phone=&#8221;default&#8221; scene_position=&#8221;top&#8221; text_color=&#8221;dark&#8221; text_align=&#8221;left&#8221; row_border_radius=&#8221;none&#8221; row_border_radius_applies=&#8221;bg&#8221; class=&#8221;single-page-hero-banner&#8221; overlay_strength=&#8221;0.3&#8243; gradient_direction=&#8221;left_to_right&#8221; shape_divider_position=&#8221;bottom&#8221; bg_image_animation=&#8221;none&#8221; shape_type=&#8221;&#8221;][vc_column column_padding=&#8221;no-extra-padding&#8221; column_padding_tablet=&#8221;inherit&#8221; column_padding_phone=&#8221;inherit&#8221; column_padding_position=&#8221;all&#8221; column_element_spacing=&#8221;default&#8221; background_color_opacity=&#8221;1&#8243; background_hover_color_opacity=&#8221;1&#8243; column_shadow=&#8221;none&#8221; column_border_radius=&#8221;none&#8221; column_link_target=&#8221;_self&#8221; gradient_direction=&#8221;left_to_right&#8221; overlay_strength=&#8221;0.3&#8243; width=&#8221;1\/1&#8243; tablet_width_inherit=&#8221;default&#8221; tablet_text_alignment=&#8221;default&#8221; phone_text_alignment=&#8221;default&#8221; bg_image_animation=&#8221;none&#8221; border_type=&#8221;simple&#8221; column_border_width=&#8221;none&#8221; column_border_style=&#8221;solid&#8221;][vc_row_inner column_margin=&#8221;none&#8221; column_direction=&#8221;default&#8221; column_direction_tablet=&#8221;default&#8221; column_direction_phone=&#8221;default&#8221; text_align=&#8221;left&#8221; class=&#8221;single-page-hero-banner-media&#8221;][vc_column_inner column_padding=&#8221;no-extra-padding&#8221; column_padding_tablet=&#8221;inherit&#8221; column_padding_phone=&#8221;inherit&#8221; column_padding_position=&#8221;all&#8221; column_element_spacing=&#8221;default&#8221; background_color_opacity=&#8221;1&#8243; background_hover_color_opacity=&#8221;1&#8243; background_image=&#8221;12028&#8243; background_image_position=&#8221;center center&#8221; background_image_loading=&#8221;default&#8221; column_shadow=&#8221;none&#8221; column_border_radius=&#8221;none&#8221; column_link_target=&#8221;_self&#8221; el_class=&#8221;single-page-hero-banner-media__image&#8221; gradient_direction=&#8221;left_to_right&#8221; overlay_strength=&#8221;0.3&#8243; width=&#8221;1\/1&#8243; tablet_width_inherit=&#8221;default&#8221; bg_image_animation=&#8221;none&#8221; border_type=&#8221;simple&#8221; column_border_width=&#8221;none&#8221; column_border_style=&#8221;solid&#8221;][divider line_type=&#8221;No Line&#8221; custom_height=&#8221;410&#8243; custom_height_tablet=&#8221;320&#8243; custom_height_phone=&#8221;180&#8243;][\/vc_column_inner][\/vc_row_inner][vc_row_inner column_margin=&#8221;default&#8221; column_direction=&#8221;default&#8221; column_direction_tablet=&#8221;default&#8221; column_direction_phone=&#8221;default&#8221; text_align=&#8221;left&#8221; class=&#8221;single-page-hero-banner-content&#8221;][vc_column_inner column_padding=&#8221;no-extra-padding&#8221; column_padding_tablet=&#8221;inherit&#8221; column_padding_phone=&#8221;inherit&#8221; column_padding_position=&#8221;all&#8221; column_element_spacing=&#8221;default&#8221; background_color_opacity=&#8221;1&#8243; background_hover_color_opacity=&#8221;1&#8243; column_shadow=&#8221;none&#8221; column_border_radius=&#8221;none&#8221; column_link_target=&#8221;_self&#8221; gradient_direction=&#8221;left_to_right&#8221; overlay_strength=&#8221;0.3&#8243; width=&#8221;1\/1&#8243; tablet_width_inherit=&#8221;default&#8221; bg_image_animation=&#8221;none&#8221; border_type=&#8221;simple&#8221; column_border_width=&#8221;none&#8221; column_border_style=&#8221;solid&#8221;][vc_custom_heading source=&#8221;post_title&#8221; font_container=&#8221;tag:h1|text_align:left|color:%230f0d0c&#8221; use_theme_fonts=&#8221;yes&#8221; css_animation=&#8221;fadeInUp&#8221; el_class=&#8221;single-page-hero-banner-title&#8221;][vc_column_text css_animation=&#8221;fadeInUp&#8221; el_class=&#8221;single-page-hero-banner-description&#8221;][\/vc_column_text][\/vc_column_inner][\/vc_row_inner][\/vc_column][\/vc_row][vc_row type=&#8221;in_container&#8221; full_screen_row_position=&#8221;middle&#8221; column_margin=&#8221;default&#8221; column_direction=&#8221;default&#8221; column_direction_tablet=&#8221;default&#8221; column_direction_phone=&#8221;default&#8221; scene_position=&#8221;center&#8221; text_color=&#8221;dark&#8221; text_align=&#8221;left&#8221; row_border_radius=&#8221;none&#8221; row_border_radius_applies=&#8221;bg&#8221; overlay_strength=&#8221;0.3&#8243; gradient_direction=&#8221;left_to_right&#8221; shape_divider_position=&#8221;bottom&#8221; bg_image_animation=&#8221;none&#8221; shape_type=&#8221;&#8221;][vc_column column_padding=&#8221;no-extra-padding&#8221; column_padding_tablet=&#8221;inherit&#8221; column_padding_phone=&#8221;inherit&#8221; column_padding_position=&#8221;all&#8221; column_element_spacing=&#8221;default&#8221; background_color_opacity=&#8221;1&#8243; background_hover_color_opacity=&#8221;1&#8243; column_shadow=&#8221;none&#8221; column_border_radius=&#8221;none&#8221; column_link_target=&#8221;_self&#8221; gradient_direction=&#8221;left_to_right&#8221; overlay_strength=&#8221;0.3&#8243; width=&#8221;1\/1&#8243; tablet_width_inherit=&#8221;default&#8221; tablet_text_alignment=&#8221;default&#8221; phone_text_alignment=&#8221;default&#8221; bg_image_animation=&#8221;none&#8221; border_type=&#8221;simple&#8221; column_border_width=&#8221;none&#8221; column_border_style=&#8221;solid&#8221;][vc_row_inner column_margin=&#8221;default&#8221; column_direction=&#8221;default&#8221; column_direction_tablet=&#8221;default&#8221; column_direction_phone=&#8221;default&#8221; text_align=&#8221;left&#8221; class=&#8221;single-page-content-container&#8221;][vc_column_inner column_padding=&#8221;no-extra-padding&#8221; column_padding_tablet=&#8221;inherit&#8221; column_padding_phone=&#8221;inherit&#8221; column_padding_position=&#8221;all&#8221; column_element_spacing=&#8221;default&#8221; background_color_opacity=&#8221;1&#8243; background_hover_color_opacity=&#8221;1&#8243; column_shadow=&#8221;none&#8221; column_border_radius=&#8221;none&#8221; column_link_target=&#8221;_self&#8221; gradient_direction=&#8221;left_to_right&#8221; overlay_strength=&#8221;0.3&#8243; width=&#8221;1\/5&#8243; tablet_width_inherit=&#8221;default&#8221; bg_image_animation=&#8221;none&#8221; border_type=&#8221;simple&#8221; column_border_width=&#8221;none&#8221; column_border_style=&#8221;solid&#8221;][vc_widget_sidebar enable_sticky=&#8221;true&#8221; sidebar_id=&#8221;cs-1&#8243; el_class=&#8221;single-page-sidebar&#8221;][\/vc_column_inner][vc_column_inner column_padding=&#8221;no-extra-padding&#8221; column_padding_tablet=&#8221;inherit&#8221; column_padding_phone=&#8221;inherit&#8221; column_padding_position=&#8221;all&#8221; column_element_spacing=&#8221;default&#8221; background_color_opacity=&#8221;1&#8243; background_hover_color_opacity=&#8221;1&#8243; column_shadow=&#8221;none&#8221; column_border_radius=&#8221;none&#8221; column_link_target=&#8221;_self&#8221; gradient_direction=&#8221;left_to_right&#8221; overlay_strength=&#8221;0.3&#8243; width=&#8221;3\/5&#8243; tablet_width_inherit=&#8221;default&#8221; bg_image_animation=&#8221;none&#8221; border_type=&#8221;simple&#8221; column_border_width=&#8221;none&#8221; column_border_style=&#8221;solid&#8221;][vc_column_text css_animation=&#8221;fadeIn&#8221; el_class=&#8221;single-page-content&#8221;]\n<blockquote>\n<h3><strong>The Committee<br \/>\n<\/strong>on Labour Market Statistics<\/h3>\n<\/blockquote>\n<p>The Committee is a\u00a0cooperative body established for the purpose of compiling statistics to be used in collective bargaining. Set up\u00a0by the Icelandic government, local authorities and the social partners represented by the labour and employers\u2019 confederations, it began its work in December 2019. The Committee is composed of representatives of the Prime Minister\u2019s Office, the Ministry of Social Affairs, the Ministry of Finance and Economic Affairs, the Icelandic Confederation of Labour (AS\u00cd), the Icelandic Confederation of University Graduates (BHM), the Icelandic Teachers\u2019 Union (K\u00cd), the Association of Local Authorities in Iceland, SA Confederation of Icelandic Enterprise, and Statistics Iceland.<\/p>\n<p>Helped by the work of the Committee, the social partners, the government and the local authorities cooperate on the production and use of statistics on wages and the economy to be used as an aid in the preparation and follow-up of collective agreements. The purpose of the Committee is to help the parties to the agreement to reach a common understanding of the nature, characteristics and evolution of statistics relevant to collective bargaining.<\/p>\n<p>The Office of the State Conciliation and Mediation Officer provides the Committee with work and meeting facilities.<\/p>\n<p><a href=\"https:\/\/www.ktn.is\/in-english\">More on the the Committee on Labour Market Statistics and their reports &gt;<\/a><\/p>\n<p>&nbsp;<\/p>\n<blockquote>\n<h3><strong>Statistics Iceland<br \/>\n<\/strong>The National Statistical Institute of Iceland<strong><br \/>\n<\/strong><\/h3>\n<\/blockquote>\n<p><span style=\"font-size: 16px;\">Statistics Iceland, founded in 1914, is the centre for official statistics in Iceland and has the leading role in the organisation, coordination and conduct thereof. Statistics Iceland collects, processes and disseminates data on the economy and society.<br \/>\n<\/span><br \/>\n<a href=\"https:\/\/www.statice.is\/about-statistics-iceland\/\"><span style=\"font-size: 16px;\">More on Statistics Iceland &gt;<\/span><\/a><\/p>\n<p><a href=\"https:\/\/www.statice.is\/statistics\/economy\/economic-forecast\/\">Economic Forecasts \u2013 published three times a year &gt;<\/a><\/p>\n<p><a href=\"https:\/\/www.statice.is\/statistics\/society\/labour-market\/labour-force-survey\/\">Labour Force Surveys \u2013 monthly figures &gt;<\/a>[\/vc_column_text][\/vc_column_inner][vc_column_inner column_padding=&#8221;no-extra-padding&#8221; column_padding_tablet=&#8221;inherit&#8221; column_padding_phone=&#8221;inherit&#8221; column_padding_position=&#8221;all&#8221; column_element_spacing=&#8221;default&#8221; background_color_opacity=&#8221;1&#8243; background_hover_color_opacity=&#8221;1&#8243; column_shadow=&#8221;none&#8221; column_border_radius=&#8221;none&#8221; column_link_target=&#8221;_self&#8221; gradient_direction=&#8221;left_to_right&#8221; overlay_strength=&#8221;0.3&#8243; width=&#8221;1\/5&#8243; tablet_width_inherit=&#8221;default&#8221; bg_image_animation=&#8221;none&#8221; border_type=&#8221;simple&#8221; column_border_width=&#8221;none&#8221; column_border_style=&#8221;solid&#8221;][\/vc_column_inner][\/vc_row_inner][\/vc_column][\/vc_row]\n","protected":false},"excerpt":{"rendered":"<p>[vc_row type=&#8221;in_container&#8221; full_screen_row_position=&#8221;middle&#8221; column_margin=&#8221;none&#8221; equal_height=&#8221;yes&#8221; column_direction=&#8221;default&#8221; column_direction_tablet=&#8221;default&#8221; column_direction_phone=&#8221;default&#8221; scene_position=&#8221;top&#8221; text_color=&#8221;dark&#8221;&#8230;<\/p>\n","protected":false},"author":10,"featured_media":0,"parent":0,"menu_order":0,"comment_status":"closed","ping_status":"closed","template":"","meta":{"om_disable_all_campaigns":false,"_monsterinsights_skip_tracking":false,"_monsterinsights_sitenote_active":false,"_monsterinsights_sitenote_note":"","_monsterinsights_sitenote_category":0,"_price":"","_stock":"","_tribe_ticket_header":"","_tribe_default_ticket_provider":"","_tribe_ticket_capacity":"0","_ticket_start_date":"","_ticket_end_date":"","_tribe_ticket_show_description":"","_tribe_ticket_show_not_going":false,"_tribe_ticket_use_global_stock":"","_tribe_ticket_global_stock_level":"","_global_stock_mode":"","_global_stock_cap":"","_tribe_rsvp_for_event":"","_tribe_ticket_going_count":"","_tribe_ticket_not_going_count":"","_tribe_tickets_list":"[]","_tribe_ticket_has_attendee_info_fields":false,"_EventAllDay":false,"_EventTimezone":"","_EventStartDate":"","_EventEndDate":"","_EventStartDateUTC":"","_EventEndDateUTC":"","_EventShowMap":false,"_EventShowMapLink":false,"_EventURL":"","_EventCost":"","_EventCostDescription":"","_EventCurrencySymbol":"","_EventCurrencyCode":"","_EventCurrencyPosition":"","_EventDateTimeSeparator":"","_EventTimeRangeSeparator":"","_EventOrganizerID":[],"_EventVenueID":[],"_OrganizerEmail":"","_OrganizerPhone":"","_OrganizerWebsite":"","_VenueAddress":"","_VenueCity":"","_VenueCountry":"","_VenueProvince":"","_VenueState":"","_VenueZip":"","_VenuePhone":"","_VenueURL":"","_VenueStateProvince":"","_VenueLat":"","_VenueLng":"","_VenueShowMap":false,"_VenueShowMapLink":false,"_tribe_blocks_recurrence_rules":"","_tribe_blocks_recurrence_description":"","_tribe_blocks_recurrence_exclusions":"","footnotes":""},"class_list":["post-9090","page","type-page","status-publish"],"yoast_head":"<!-- This site is optimized with the Yoast SEO plugin v24.5 - https:\/\/yoast.com\/wordpress\/plugins\/seo\/ -->\n<title>Labour Market Statistics | R\u00edkiss\u00e1ttasemjari | Statistics<\/title>\n<meta name=\"description\" content=\"Reliable labour market statistics are an important foundation for successful collective bargaining and negotiations.\" \/>\n<meta name=\"robots\" content=\"index, follow, max-snippet:-1, max-image-preview:large, max-video-preview:-1\" \/>\n<link rel=\"canonical\" href=\"https:\/\/rikissattasemjari.is\/en\/statistics\/\" \/>\n<meta property=\"og:locale\" content=\"en_US\" \/>\n<meta property=\"og:type\" content=\"article\" \/>\n<meta property=\"og:title\" content=\"Labour Market Statistics | R\u00edkiss\u00e1ttasemjari | Statistics\" \/>\n<meta property=\"og:description\" content=\"Reliable labour market statistics are an important foundation for successful collective bargaining and negotiations.\" \/>\n<meta property=\"og:url\" content=\"https:\/\/rikissattasemjari.is\/en\/statistics\/\" \/>\n<meta property=\"og:site_name\" content=\"R\u00edkiss\u00e1ttasemjari\" \/>\n<meta property=\"article:modified_time\" content=\"2021-05-12T19:53:53+00:00\" \/>\n<meta property=\"og:image\" content=\"https:\/\/rikissattasemjari.is\/wp-content\/uploads\/2021\/02\/Borgartun21.jpg\" \/>\n\t<meta property=\"og:image:width\" content=\"600\" \/>\n\t<meta property=\"og:image:height\" content=\"400\" \/>\n\t<meta property=\"og:image:type\" content=\"image\/jpeg\" \/>\n<meta name=\"twitter:card\" content=\"summary_large_image\" \/>\n<meta name=\"twitter:label1\" content=\"Est. reading time\" \/>\n\t<meta name=\"twitter:data1\" content=\"3 minutes\" \/>\n<script type=\"application\/ld+json\" class=\"yoast-schema-graph\">{\"@context\":\"https:\/\/schema.org\",\"@graph\":[{\"@type\":\"WebPage\",\"@id\":\"https:\/\/rikissattasemjari.is\/en\/statistics\/\",\"url\":\"https:\/\/rikissattasemjari.is\/en\/statistics\/\",\"name\":\"Labour Market Statistics | R\u00edkiss\u00e1ttasemjari | Statistics\",\"isPartOf\":{\"@id\":\"https:\/\/rikissattasemjari.is\/#website\"},\"datePublished\":\"2021-02-05T15:27:35+00:00\",\"dateModified\":\"2021-05-12T19:53:53+00:00\",\"description\":\"Reliable labour market statistics are an important foundation for successful collective bargaining and negotiations.\",\"breadcrumb\":{\"@id\":\"https:\/\/rikissattasemjari.is\/en\/statistics\/#breadcrumb\"},\"inLanguage\":\"en-US\",\"potentialAction\":[{\"@type\":\"ReadAction\",\"target\":[\"https:\/\/rikissattasemjari.is\/en\/statistics\/\"]}]},{\"@type\":\"BreadcrumbList\",\"@id\":\"https:\/\/rikissattasemjari.is\/en\/statistics\/#breadcrumb\",\"itemListElement\":[{\"@type\":\"ListItem\",\"position\":1,\"name\":\"Heim\",\"item\":\"https:\/\/rikissattasemjari.is\/en\/\"},{\"@type\":\"ListItem\",\"position\":2,\"name\":\"Statistics\"}]},{\"@type\":\"WebSite\",\"@id\":\"https:\/\/rikissattasemjari.is\/#website\",\"url\":\"https:\/\/rikissattasemjari.is\/\",\"name\":\"R\u00edkiss\u00e1ttasemjari\",\"description\":\"Vefur r\u00edkiss\u00e1ttasemjara\",\"publisher\":{\"@id\":\"https:\/\/rikissattasemjari.is\/#organization\"},\"potentialAction\":[{\"@type\":\"SearchAction\",\"target\":{\"@type\":\"EntryPoint\",\"urlTemplate\":\"https:\/\/rikissattasemjari.is\/?s={search_term_string}\"},\"query-input\":{\"@type\":\"PropertyValueSpecification\",\"valueRequired\":true,\"valueName\":\"search_term_string\"}}],\"inLanguage\":\"en-US\"},{\"@type\":\"Organization\",\"@id\":\"https:\/\/rikissattasemjari.is\/#organization\",\"name\":\"R\u00edkiss\u00e1ttasemjari\",\"url\":\"https:\/\/rikissattasemjari.is\/\",\"logo\":{\"@type\":\"ImageObject\",\"inLanguage\":\"en-US\",\"@id\":\"https:\/\/rikissattasemjari.is\/#\/schema\/logo\/image\/\",\"url\":\"https:\/\/rikissattasemjari.is\/wp-content\/uploads\/2021\/01\/Rikissattasemjari_merki_alt_vinstri_pos.png\",\"contentUrl\":\"https:\/\/rikissattasemjari.is\/wp-content\/uploads\/2021\/01\/Rikissattasemjari_merki_alt_vinstri_pos.png\",\"width\":2126,\"height\":472,\"caption\":\"R\u00edkiss\u00e1ttasemjari\"},\"image\":{\"@id\":\"https:\/\/rikissattasemjari.is\/#\/schema\/logo\/image\/\"}}]}<\/script>\n<!-- \/ Yoast SEO plugin. -->","yoast_head_json":{"title":"Labour Market Statistics | R\u00edkiss\u00e1ttasemjari | Statistics","description":"Reliable labour market statistics are an important foundation for successful collective bargaining and negotiations.","robots":{"index":"index","follow":"follow","max-snippet":"max-snippet:-1","max-image-preview":"max-image-preview:large","max-video-preview":"max-video-preview:-1"},"canonical":"https:\/\/rikissattasemjari.is\/en\/statistics\/","og_locale":"en_US","og_type":"article","og_title":"Labour Market Statistics | R\u00edkiss\u00e1ttasemjari | Statistics","og_description":"Reliable labour market statistics are an important foundation for successful collective bargaining and negotiations.","og_url":"https:\/\/rikissattasemjari.is\/en\/statistics\/","og_site_name":"R\u00edkiss\u00e1ttasemjari","article_modified_time":"2021-05-12T19:53:53+00:00","og_image":[{"width":600,"height":400,"url":"https:\/\/rikissattasemjari.is\/wp-content\/uploads\/2021\/02\/Borgartun21.jpg","type":"image\/jpeg"}],"twitter_card":"summary_large_image","twitter_misc":{"Est. reading time":"3 minutes"},"schema":{"@context":"https:\/\/schema.org","@graph":[{"@type":"WebPage","@id":"https:\/\/rikissattasemjari.is\/en\/statistics\/","url":"https:\/\/rikissattasemjari.is\/en\/statistics\/","name":"Labour Market Statistics | R\u00edkiss\u00e1ttasemjari | Statistics","isPartOf":{"@id":"https:\/\/rikissattasemjari.is\/#website"},"datePublished":"2021-02-05T15:27:35+00:00","dateModified":"2021-05-12T19:53:53+00:00","description":"Reliable labour market statistics are an important foundation for successful collective bargaining and negotiations.","breadcrumb":{"@id":"https:\/\/rikissattasemjari.is\/en\/statistics\/#breadcrumb"},"inLanguage":"en-US","potentialAction":[{"@type":"ReadAction","target":["https:\/\/rikissattasemjari.is\/en\/statistics\/"]}]},{"@type":"BreadcrumbList","@id":"https:\/\/rikissattasemjari.is\/en\/statistics\/#breadcrumb","itemListElement":[{"@type":"ListItem","position":1,"name":"Heim","item":"https:\/\/rikissattasemjari.is\/en\/"},{"@type":"ListItem","position":2,"name":"Statistics"}]},{"@type":"WebSite","@id":"https:\/\/rikissattasemjari.is\/#website","url":"https:\/\/rikissattasemjari.is\/","name":"R\u00edkiss\u00e1ttasemjari","description":"Vefur r\u00edkiss\u00e1ttasemjara","publisher":{"@id":"https:\/\/rikissattasemjari.is\/#organization"},"potentialAction":[{"@type":"SearchAction","target":{"@type":"EntryPoint","urlTemplate":"https:\/\/rikissattasemjari.is\/?s={search_term_string}"},"query-input":{"@type":"PropertyValueSpecification","valueRequired":true,"valueName":"search_term_string"}}],"inLanguage":"en-US"},{"@type":"Organization","@id":"https:\/\/rikissattasemjari.is\/#organization","name":"R\u00edkiss\u00e1ttasemjari","url":"https:\/\/rikissattasemjari.is\/","logo":{"@type":"ImageObject","inLanguage":"en-US","@id":"https:\/\/rikissattasemjari.is\/#\/schema\/logo\/image\/","url":"https:\/\/rikissattasemjari.is\/wp-content\/uploads\/2021\/01\/Rikissattasemjari_merki_alt_vinstri_pos.png","contentUrl":"https:\/\/rikissattasemjari.is\/wp-content\/uploads\/2021\/01\/Rikissattasemjari_merki_alt_vinstri_pos.png","width":2126,"height":472,"caption":"R\u00edkiss\u00e1ttasemjari"},"image":{"@id":"https:\/\/rikissattasemjari.is\/#\/schema\/logo\/image\/"}}]}},"_links":{"self":[{"href":"https:\/\/rikissattasemjari.is\/en\/wp-json\/wp\/v2\/pages\/9090","targetHints":{"allow":["GET"]}}],"collection":[{"href":"https:\/\/rikissattasemjari.is\/en\/wp-json\/wp\/v2\/pages"}],"about":[{"href":"https:\/\/rikissattasemjari.is\/en\/wp-json\/wp\/v2\/types\/page"}],"author":[{"embeddable":true,"href":"https:\/\/rikissattasemjari.is\/en\/wp-json\/wp\/v2\/users\/10"}],"replies":[{"embeddable":true,"href":"https:\/\/rikissattasemjari.is\/en\/wp-json\/wp\/v2\/comments?post=9090"}],"version-history":[{"count":29,"href":"https:\/\/rikissattasemjari.is\/en\/wp-json\/wp\/v2\/pages\/9090\/revisions"}],"predecessor-version":[{"id":12272,"href":"https:\/\/rikissattasemjari.is\/en\/wp-json\/wp\/v2\/pages\/9090\/revisions\/12272"}],"wp:attachment":[{"href":"https:\/\/rikissattasemjari.is\/en\/wp-json\/wp\/v2\/media?parent=9090"}],"curies":[{"name":"wp","href":"https:\/\/api.w.org\/{rel}","templated":true}]}}