{"id":9063,"date":"2021-02-05T15:13:49","date_gmt":"2021-02-05T15:13:49","guid":{"rendered":"https:\/\/rikissattasemjari.is\/?page_id=9063"},"modified":"2024-02-02T14:48:00","modified_gmt":"2024-02-02T14:48:00","slug":"the-state-conciliation-and-meditation-officer-scmo","status":"publish","type":"page","link":"https:\/\/rikissattasemjari.is\/en\/the-state-conciliation-and-meditation-officer-scmo\/","title":{"rendered":"The SCMO"},"content":{"rendered":"[vc_row type=&#8221;in_container&#8221; full_screen_row_position=&#8221;middle&#8221; column_margin=&#8221;none&#8221; equal_height=&#8221;yes&#8221; column_direction=&#8221;default&#8221; column_direction_tablet=&#8221;default&#8221; column_direction_phone=&#8221;default&#8221; scene_position=&#8221;top&#8221; text_color=&#8221;dark&#8221; text_align=&#8221;left&#8221; row_border_radius=&#8221;none&#8221; row_border_radius_applies=&#8221;bg&#8221; overflow=&#8221;visible&#8221; class=&#8221;single-page-hero-banner&#8221; overlay_strength=&#8221;0.3&#8243; gradient_direction=&#8221;left_to_right&#8221; shape_divider_position=&#8221;bottom&#8221; bg_image_animation=&#8221;none&#8221; shape_type=&#8221;&#8221;][vc_column column_padding=&#8221;no-extra-padding&#8221; column_padding_tablet=&#8221;inherit&#8221; column_padding_phone=&#8221;inherit&#8221; column_padding_position=&#8221;all&#8221; column_element_direction_desktop=&#8221;default&#8221; column_element_spacing=&#8221;default&#8221; desktop_text_alignment=&#8221;default&#8221; tablet_text_alignment=&#8221;default&#8221; phone_text_alignment=&#8221;default&#8221; background_color_opacity=&#8221;1&#8243; background_hover_color_opacity=&#8221;1&#8243; column_backdrop_filter=&#8221;none&#8221; column_shadow=&#8221;none&#8221; column_border_radius=&#8221;none&#8221; column_link_target=&#8221;_self&#8221; column_position=&#8221;default&#8221; gradient_direction=&#8221;left_to_right&#8221; overlay_strength=&#8221;0.3&#8243; width=&#8221;1\/1&#8243; tablet_width_inherit=&#8221;default&#8221; animation_type=&#8221;default&#8221; bg_image_animation=&#8221;none&#8221; border_type=&#8221;simple&#8221; column_border_width=&#8221;none&#8221; column_border_style=&#8221;solid&#8221;][vc_row_inner column_margin=&#8221;none&#8221; column_direction=&#8221;default&#8221; column_direction_tablet=&#8221;default&#8221; column_direction_phone=&#8221;default&#8221; text_align=&#8221;left&#8221; row_position=&#8221;default&#8221; row_position_tablet=&#8221;inherit&#8221; row_position_phone=&#8221;inherit&#8221; class=&#8221;single-page-hero-banner-media&#8221; overflow=&#8221;visible&#8221; pointer_events=&#8221;all&#8221;][vc_column_inner column_padding=&#8221;padding-10-percent&#8221; column_padding_tablet=&#8221;inherit&#8221; column_padding_phone=&#8221;inherit&#8221; column_padding_position=&#8221;all&#8221; column_element_direction_desktop=&#8221;default&#8221; column_element_spacing=&#8221;default&#8221; desktop_text_alignment=&#8221;default&#8221; tablet_text_alignment=&#8221;default&#8221; phone_text_alignment=&#8221;default&#8221; background_color_opacity=&#8221;1&#8243; background_hover_color_opacity=&#8221;1&#8243; background_image=&#8221;17550&#8243; background_image_position=&#8221;center center&#8221; background_image_stacking=&#8221;default&#8221; background_image_loading=&#8221;default&#8221; column_backdrop_filter=&#8221;none&#8221; column_shadow=&#8221;none&#8221; column_border_radius=&#8221;none&#8221; column_link_target=&#8221;_self&#8221; overflow=&#8221;visible&#8221; el_class=&#8221;single-page-hero-banner-media__image&#8221; gradient_direction=&#8221;left_to_right&#8221; overlay_strength=&#8221;0.3&#8243; width=&#8221;1\/1&#8243; tablet_width_inherit=&#8221;default&#8221; animation_type=&#8221;default&#8221; bg_image_animation=&#8221;none&#8221; border_type=&#8221;simple&#8221; column_border_width=&#8221;none&#8221; column_border_style=&#8221;solid&#8221; column_padding_type=&#8221;default&#8221; gradient_type=&#8221;default&#8221;][divider line_type=&#8221;No Line&#8221; custom_height=&#8221;410&#8243; custom_height_tablet=&#8221;320&#8243; custom_height_phone=&#8221;180&#8243;][\/vc_column_inner][\/vc_row_inner][vc_row_inner column_margin=&#8221;default&#8221; column_direction=&#8221;default&#8221; column_direction_tablet=&#8221;default&#8221; column_direction_phone=&#8221;default&#8221; text_align=&#8221;left&#8221; row_position=&#8221;default&#8221; row_position_tablet=&#8221;inherit&#8221; row_position_phone=&#8221;inherit&#8221; class=&#8221;single-page-hero-banner-content&#8221; overflow=&#8221;visible&#8221; pointer_events=&#8221;all&#8221;][vc_column_inner column_padding=&#8221;no-extra-padding&#8221; column_padding_tablet=&#8221;inherit&#8221; column_padding_phone=&#8221;inherit&#8221; column_padding_position=&#8221;all&#8221; column_element_direction_desktop=&#8221;default&#8221; column_element_spacing=&#8221;default&#8221; desktop_text_alignment=&#8221;default&#8221; tablet_text_alignment=&#8221;default&#8221; phone_text_alignment=&#8221;default&#8221; background_color_opacity=&#8221;1&#8243; background_hover_color_opacity=&#8221;1&#8243; column_backdrop_filter=&#8221;none&#8221; column_shadow=&#8221;none&#8221; column_border_radius=&#8221;none&#8221; column_link_target=&#8221;_self&#8221; overflow=&#8221;visible&#8221; gradient_direction=&#8221;left_to_right&#8221; overlay_strength=&#8221;0.3&#8243; width=&#8221;1\/1&#8243; tablet_width_inherit=&#8221;default&#8221; animation_type=&#8221;default&#8221; bg_image_animation=&#8221;none&#8221; border_type=&#8221;simple&#8221; column_border_width=&#8221;none&#8221; column_border_style=&#8221;solid&#8221;][vc_custom_heading text=&#8221;\u00c1str\u00e1\u00f0ur Haraldsson&#8221; font_container=&#8221;tag:h1|text_align:left|color:%230f0d0c&#8221; use_theme_fonts=&#8221;yes&#8221; css_animation=&#8221;fadeInUp&#8221; el_class=&#8221;single-page-hero-banner-title&#8221;][vc_column_text css_animation=&#8221;fadeInUp&#8221; el_class=&#8221;single-page-hero-banner-description&#8221;][\/vc_column_text][\/vc_column_inner][\/vc_row_inner][\/vc_column][\/vc_row][vc_row type=&#8221;in_container&#8221; full_screen_row_position=&#8221;middle&#8221; column_margin=&#8221;default&#8221; column_direction=&#8221;default&#8221; column_direction_tablet=&#8221;default&#8221; column_direction_phone=&#8221;default&#8221; scene_position=&#8221;center&#8221; text_color=&#8221;dark&#8221; text_align=&#8221;left&#8221; row_border_radius=&#8221;none&#8221; row_border_radius_applies=&#8221;bg&#8221; overflow=&#8221;visible&#8221; overlay_strength=&#8221;0.3&#8243; gradient_direction=&#8221;left_to_right&#8221; shape_divider_position=&#8221;bottom&#8221; bg_image_animation=&#8221;none&#8221; shape_type=&#8221;&#8221;][vc_column column_padding=&#8221;no-extra-padding&#8221; column_padding_tablet=&#8221;inherit&#8221; column_padding_phone=&#8221;inherit&#8221; column_padding_position=&#8221;all&#8221; column_element_direction_desktop=&#8221;default&#8221; column_element_spacing=&#8221;default&#8221; desktop_text_alignment=&#8221;default&#8221; tablet_text_alignment=&#8221;default&#8221; phone_text_alignment=&#8221;default&#8221; background_color_opacity=&#8221;1&#8243; background_hover_color_opacity=&#8221;1&#8243; column_backdrop_filter=&#8221;none&#8221; column_shadow=&#8221;none&#8221; column_border_radius=&#8221;none&#8221; column_link_target=&#8221;_self&#8221; column_position=&#8221;default&#8221; gradient_direction=&#8221;left_to_right&#8221; overlay_strength=&#8221;0.3&#8243; width=&#8221;1\/1&#8243; tablet_width_inherit=&#8221;default&#8221; animation_type=&#8221;default&#8221; bg_image_animation=&#8221;none&#8221; border_type=&#8221;simple&#8221; column_border_width=&#8221;none&#8221; column_border_style=&#8221;solid&#8221;][vc_row_inner column_margin=&#8221;default&#8221; column_direction=&#8221;default&#8221; column_direction_tablet=&#8221;default&#8221; column_direction_phone=&#8221;default&#8221; text_align=&#8221;left&#8221; row_position=&#8221;default&#8221; row_position_tablet=&#8221;inherit&#8221; row_position_phone=&#8221;inherit&#8221; class=&#8221;single-page-content-container&#8221; overflow=&#8221;visible&#8221; pointer_events=&#8221;all&#8221;][vc_column_inner column_padding=&#8221;no-extra-padding&#8221; column_padding_tablet=&#8221;inherit&#8221; column_padding_phone=&#8221;inherit&#8221; column_padding_position=&#8221;all&#8221; column_element_direction_desktop=&#8221;default&#8221; column_element_spacing=&#8221;default&#8221; desktop_text_alignment=&#8221;default&#8221; tablet_text_alignment=&#8221;default&#8221; phone_text_alignment=&#8221;default&#8221; background_color_opacity=&#8221;1&#8243; background_hover_color_opacity=&#8221;1&#8243; column_backdrop_filter=&#8221;none&#8221; column_shadow=&#8221;none&#8221; column_border_radius=&#8221;none&#8221; column_link_target=&#8221;_self&#8221; overflow=&#8221;visible&#8221; gradient_direction=&#8221;left_to_right&#8221; overlay_strength=&#8221;0.3&#8243; width=&#8221;1\/5&#8243; tablet_width_inherit=&#8221;default&#8221; animation_type=&#8221;default&#8221; bg_image_animation=&#8221;none&#8221; border_type=&#8221;simple&#8221; column_border_width=&#8221;none&#8221; column_border_style=&#8221;solid&#8221;][vc_widget_sidebar enable_sticky=&#8221;true&#8221; sidebar_id=&#8221;cs-1&#8243; el_class=&#8221;single-page-sidebar&#8221;][\/vc_column_inner][vc_column_inner column_padding=&#8221;no-extra-padding&#8221; column_padding_tablet=&#8221;inherit&#8221; column_padding_phone=&#8221;inherit&#8221; column_padding_position=&#8221;all&#8221; column_element_direction_desktop=&#8221;default&#8221; column_element_spacing=&#8221;default&#8221; desktop_text_alignment=&#8221;default&#8221; tablet_text_alignment=&#8221;default&#8221; phone_text_alignment=&#8221;default&#8221; background_color_opacity=&#8221;1&#8243; background_hover_color_opacity=&#8221;1&#8243; column_backdrop_filter=&#8221;none&#8221; column_shadow=&#8221;none&#8221; column_border_radius=&#8221;none&#8221; column_link_target=&#8221;_self&#8221; overflow=&#8221;visible&#8221; gradient_direction=&#8221;left_to_right&#8221; overlay_strength=&#8221;0.3&#8243; width=&#8221;3\/5&#8243; tablet_width_inherit=&#8221;default&#8221; animation_type=&#8221;default&#8221; bg_image_animation=&#8221;none&#8221; border_type=&#8221;simple&#8221; column_border_width=&#8221;none&#8221; column_border_style=&#8221;solid&#8221;][vc_column_text css_animation=&#8221;fadeIn&#8221; el_class=&#8221;single-page-content&#8221;]\n<blockquote>\n<h3><strong>Appointment as SCMO<\/strong><\/h3>\n<\/blockquote>\n<p>Mr. \u00c1str\u00e1\u00f0ur Haraldsson was appointed State Conciliation and Mediation Officer (SCMO) in 2023 for a five year period. His term of appointment began on July 18th 2023.<\/p>\n<p>Operating under the Ministry of Social Affairs, the role of the SCMO is to mediate in wage disputes, monitor the situation and outlook in industry and in the labour market and keep a register of collective bargaining agreements in force. The \u00a0position is grounded in the\u00a0<a href=\"https:\/\/www.government.is\/media\/velferdarraduneyti-media\/media\/acrobat-enskar_sidur\/Act_on_trade_unions_and_industrial_disputes_No_80_1938_with_subsequent_amendments.pdf\">Act on Trade Unions and Industrial Disputes, No. 80\/1938<\/a>, as amended.\u00a0According to the Act, the SCMO is to be appointed for terms of five years at a\u00a0time. The person appointed must be an Icelandic citizen, financially solvent and with an unblemished criminal record, and must be seen as having a perspective conducive to impartiality in matters concerning employees and employers.<\/p>\n<p>&nbsp;<\/p>\n<blockquote>\n<h3><strong>Education and experience<\/strong><\/h3>\n<\/blockquote>\n<p>Mr. Haraldsson completed his law degree at the University of Iceland in 1990.\u00a0 He qualified as a district court lawyer in 1991 and became an attorney at the Supreme Court in 1995.\u00a0 \u00a0He worked as a lawyer for over three decades before taking up the post of district judge in January of 2018.\u00a0 He worked part-time as an assistant mediator from 2019.[\/vc_column_text][\/vc_column_inner][vc_column_inner column_padding=&#8221;no-extra-padding&#8221; column_padding_tablet=&#8221;inherit&#8221; column_padding_phone=&#8221;inherit&#8221; column_padding_position=&#8221;all&#8221; column_element_direction_desktop=&#8221;default&#8221; column_element_spacing=&#8221;default&#8221; desktop_text_alignment=&#8221;default&#8221; tablet_text_alignment=&#8221;default&#8221; phone_text_alignment=&#8221;default&#8221; background_color_opacity=&#8221;1&#8243; background_hover_color_opacity=&#8221;1&#8243; column_backdrop_filter=&#8221;none&#8221; column_shadow=&#8221;none&#8221; column_border_radius=&#8221;none&#8221; column_link_target=&#8221;_self&#8221; overflow=&#8221;visible&#8221; gradient_direction=&#8221;left_to_right&#8221; overlay_strength=&#8221;0.3&#8243; width=&#8221;1\/5&#8243; tablet_width_inherit=&#8221;default&#8221; animation_type=&#8221;default&#8221; bg_image_animation=&#8221;none&#8221; border_type=&#8221;simple&#8221; column_border_width=&#8221;none&#8221; column_border_style=&#8221;solid&#8221;][\/vc_column_inner][\/vc_row_inner][\/vc_column][\/vc_row]\n","protected":false},"excerpt":{"rendered":"<p>[vc_row type=&#8221;in_container&#8221; full_screen_row_position=&#8221;middle&#8221; column_margin=&#8221;none&#8221; equal_height=&#8221;yes&#8221; column_direction=&#8221;default&#8221; column_direction_tablet=&#8221;default&#8221; column_direction_phone=&#8221;default&#8221; scene_position=&#8221;top&#8221; text_color=&#8221;dark&#8221;&#8230;<\/p>\n","protected":false},"author":10,"featured_media":0,"parent":0,"menu_order":0,"comment_status":"closed","ping_status":"closed","template":"","meta":{"om_disable_all_campaigns":false,"_monsterinsights_skip_tracking":false,"_monsterinsights_sitenote_active":false,"_monsterinsights_sitenote_note":"","_monsterinsights_sitenote_category":0,"_price":"","_stock":"","_tribe_ticket_header":"","_tribe_default_ticket_provider":"","_tribe_ticket_capacity":"0","_ticket_start_date":"","_ticket_end_date":"","_tribe_ticket_show_description":"","_tribe_ticket_show_not_going":false,"_tribe_ticket_use_global_stock":"","_tribe_ticket_global_stock_level":"","_global_stock_mode":"","_global_stock_cap":"","_tribe_rsvp_for_event":"","_tribe_ticket_going_count":"","_tribe_ticket_not_going_count":"","_tribe_tickets_list":"[]","_tribe_ticket_has_attendee_info_fields":false,"_EventAllDay":false,"_EventTimezone":"","_EventStartDate":"","_EventEndDate":"","_EventStartDateUTC":"","_EventEndDateUTC":"","_EventShowMap":false,"_EventShowMapLink":false,"_EventURL":"","_EventCost":"","_EventCostDescription":"","_EventCurrencySymbol":"","_EventCurrencyCode":"","_EventCurrencyPosition":"","_EventDateTimeSeparator":"","_EventTimeRangeSeparator":"","_EventOrganizerID":[],"_EventVenueID":[],"_OrganizerEmail":"","_OrganizerPhone":"","_OrganizerWebsite":"","_VenueAddress":"","_VenueCity":"","_VenueCountry":"","_VenueProvince":"","_VenueState":"","_VenueZip":"","_VenuePhone":"","_VenueURL":"","_VenueStateProvince":"","_VenueLat":"","_VenueLng":"","_VenueShowMap":false,"_VenueShowMapLink":false,"_tribe_blocks_recurrence_rules":"","_tribe_blocks_recurrence_description":"","_tribe_blocks_recurrence_exclusions":"","footnotes":""},"class_list":["post-9063","page","type-page","status-publish"],"yoast_head":"<!-- This site is optimized with the Yoast SEO plugin v24.5 - https:\/\/yoast.com\/wordpress\/plugins\/seo\/ -->\n<title>A\u00f0alsteinn Leifsson | R\u00edkiss\u00e1ttasemjari | The SCMO<\/title>\n<meta name=\"description\" content=\"A\u00f0alsteinn Leifsson, the State Conciliation and Mediation Officer (SCMO), operates under the Ministry of Social Affairs.\" \/>\n<meta name=\"robots\" content=\"index, follow, max-snippet:-1, max-image-preview:large, max-video-preview:-1\" \/>\n<link rel=\"canonical\" href=\"https:\/\/rikissattasemjari.is\/en\/the-state-conciliation-and-meditation-officer-scmo\/\" \/>\n<meta property=\"og:locale\" content=\"en_US\" \/>\n<meta property=\"og:type\" content=\"article\" \/>\n<meta property=\"og:title\" content=\"A\u00f0alsteinn Leifsson | R\u00edkiss\u00e1ttasemjari | The SCMO\" \/>\n<meta property=\"og:description\" content=\"A\u00f0alsteinn Leifsson, the State Conciliation and Mediation Officer (SCMO), operates under the Ministry of Social Affairs.\" \/>\n<meta property=\"og:url\" content=\"https:\/\/rikissattasemjari.is\/en\/the-state-conciliation-and-meditation-officer-scmo\/\" \/>\n<meta property=\"og:site_name\" content=\"R\u00edkiss\u00e1ttasemjari\" \/>\n<meta property=\"article:modified_time\" content=\"2024-02-02T14:48:00+00:00\" \/>\n<meta property=\"og:image\" content=\"https:\/\/rikissattasemjari.is\/wp-content\/uploads\/2021\/02\/Borgartun21.jpg\" \/>\n\t<meta property=\"og:image:width\" content=\"600\" \/>\n\t<meta property=\"og:image:height\" content=\"400\" \/>\n\t<meta property=\"og:image:type\" content=\"image\/jpeg\" \/>\n<meta name=\"twitter:card\" content=\"summary_large_image\" \/>\n<meta name=\"twitter:label1\" content=\"Est. reading time\" \/>\n\t<meta name=\"twitter:data1\" content=\"3 minutes\" \/>\n<script type=\"application\/ld+json\" class=\"yoast-schema-graph\">{\"@context\":\"https:\/\/schema.org\",\"@graph\":[{\"@type\":\"WebPage\",\"@id\":\"https:\/\/rikissattasemjari.is\/en\/the-state-conciliation-and-meditation-officer-scmo\/\",\"url\":\"https:\/\/rikissattasemjari.is\/en\/the-state-conciliation-and-meditation-officer-scmo\/\",\"name\":\"A\u00f0alsteinn Leifsson | R\u00edkiss\u00e1ttasemjari | The SCMO\",\"isPartOf\":{\"@id\":\"https:\/\/rikissattasemjari.is\/#website\"},\"datePublished\":\"2021-02-05T15:13:49+00:00\",\"dateModified\":\"2024-02-02T14:48:00+00:00\",\"description\":\"A\u00f0alsteinn Leifsson, the State Conciliation and Mediation Officer (SCMO), operates under the Ministry of Social Affairs.\",\"breadcrumb\":{\"@id\":\"https:\/\/rikissattasemjari.is\/en\/the-state-conciliation-and-meditation-officer-scmo\/#breadcrumb\"},\"inLanguage\":\"en-US\",\"potentialAction\":[{\"@type\":\"ReadAction\",\"target\":[\"https:\/\/rikissattasemjari.is\/en\/the-state-conciliation-and-meditation-officer-scmo\/\"]}]},{\"@type\":\"BreadcrumbList\",\"@id\":\"https:\/\/rikissattasemjari.is\/en\/the-state-conciliation-and-meditation-officer-scmo\/#breadcrumb\",\"itemListElement\":[{\"@type\":\"ListItem\",\"position\":1,\"name\":\"Heim\",\"item\":\"https:\/\/rikissattasemjari.is\/en\/\"},{\"@type\":\"ListItem\",\"position\":2,\"name\":\"The SCMO\"}]},{\"@type\":\"WebSite\",\"@id\":\"https:\/\/rikissattasemjari.is\/#website\",\"url\":\"https:\/\/rikissattasemjari.is\/\",\"name\":\"R\u00edkiss\u00e1ttasemjari\",\"description\":\"Vefur r\u00edkiss\u00e1ttasemjara\",\"publisher\":{\"@id\":\"https:\/\/rikissattasemjari.is\/#organization\"},\"potentialAction\":[{\"@type\":\"SearchAction\",\"target\":{\"@type\":\"EntryPoint\",\"urlTemplate\":\"https:\/\/rikissattasemjari.is\/?s={search_term_string}\"},\"query-input\":{\"@type\":\"PropertyValueSpecification\",\"valueRequired\":true,\"valueName\":\"search_term_string\"}}],\"inLanguage\":\"en-US\"},{\"@type\":\"Organization\",\"@id\":\"https:\/\/rikissattasemjari.is\/#organization\",\"name\":\"R\u00edkiss\u00e1ttasemjari\",\"url\":\"https:\/\/rikissattasemjari.is\/\",\"logo\":{\"@type\":\"ImageObject\",\"inLanguage\":\"en-US\",\"@id\":\"https:\/\/rikissattasemjari.is\/#\/schema\/logo\/image\/\",\"url\":\"https:\/\/rikissattasemjari.is\/wp-content\/uploads\/2021\/01\/Rikissattasemjari_merki_alt_vinstri_pos.png\",\"contentUrl\":\"https:\/\/rikissattasemjari.is\/wp-content\/uploads\/2021\/01\/Rikissattasemjari_merki_alt_vinstri_pos.png\",\"width\":2126,\"height\":472,\"caption\":\"R\u00edkiss\u00e1ttasemjari\"},\"image\":{\"@id\":\"https:\/\/rikissattasemjari.is\/#\/schema\/logo\/image\/\"}}]}<\/script>\n<!-- \/ Yoast SEO plugin. -->","yoast_head_json":{"title":"A\u00f0alsteinn Leifsson | R\u00edkiss\u00e1ttasemjari | The SCMO","description":"A\u00f0alsteinn Leifsson, the State Conciliation and Mediation Officer (SCMO), operates under the Ministry of Social Affairs.","robots":{"index":"index","follow":"follow","max-snippet":"max-snippet:-1","max-image-preview":"max-image-preview:large","max-video-preview":"max-video-preview:-1"},"canonical":"https:\/\/rikissattasemjari.is\/en\/the-state-conciliation-and-meditation-officer-scmo\/","og_locale":"en_US","og_type":"article","og_title":"A\u00f0alsteinn Leifsson | R\u00edkiss\u00e1ttasemjari | The SCMO","og_description":"A\u00f0alsteinn Leifsson, the State Conciliation and Mediation Officer (SCMO), operates under the Ministry of Social Affairs.","og_url":"https:\/\/rikissattasemjari.is\/en\/the-state-conciliation-and-meditation-officer-scmo\/","og_site_name":"R\u00edkiss\u00e1ttasemjari","article_modified_time":"2024-02-02T14:48:00+00:00","og_image":[{"width":600,"height":400,"url":"https:\/\/rikissattasemjari.is\/wp-content\/uploads\/2021\/02\/Borgartun21.jpg","type":"image\/jpeg"}],"twitter_card":"summary_large_image","twitter_misc":{"Est. reading time":"3 minutes"},"schema":{"@context":"https:\/\/schema.org","@graph":[{"@type":"WebPage","@id":"https:\/\/rikissattasemjari.is\/en\/the-state-conciliation-and-meditation-officer-scmo\/","url":"https:\/\/rikissattasemjari.is\/en\/the-state-conciliation-and-meditation-officer-scmo\/","name":"A\u00f0alsteinn Leifsson | R\u00edkiss\u00e1ttasemjari | The SCMO","isPartOf":{"@id":"https:\/\/rikissattasemjari.is\/#website"},"datePublished":"2021-02-05T15:13:49+00:00","dateModified":"2024-02-02T14:48:00+00:00","description":"A\u00f0alsteinn Leifsson, the State Conciliation and Mediation Officer (SCMO), operates under the Ministry of Social Affairs.","breadcrumb":{"@id":"https:\/\/rikissattasemjari.is\/en\/the-state-conciliation-and-meditation-officer-scmo\/#breadcrumb"},"inLanguage":"en-US","potentialAction":[{"@type":"ReadAction","target":["https:\/\/rikissattasemjari.is\/en\/the-state-conciliation-and-meditation-officer-scmo\/"]}]},{"@type":"BreadcrumbList","@id":"https:\/\/rikissattasemjari.is\/en\/the-state-conciliation-and-meditation-officer-scmo\/#breadcrumb","itemListElement":[{"@type":"ListItem","position":1,"name":"Heim","item":"https:\/\/rikissattasemjari.is\/en\/"},{"@type":"ListItem","position":2,"name":"The SCMO"}]},{"@type":"WebSite","@id":"https:\/\/rikissattasemjari.is\/#website","url":"https:\/\/rikissattasemjari.is\/","name":"R\u00edkiss\u00e1ttasemjari","description":"Vefur r\u00edkiss\u00e1ttasemjara","publisher":{"@id":"https:\/\/rikissattasemjari.is\/#organization"},"potentialAction":[{"@type":"SearchAction","target":{"@type":"EntryPoint","urlTemplate":"https:\/\/rikissattasemjari.is\/?s={search_term_string}"},"query-input":{"@type":"PropertyValueSpecification","valueRequired":true,"valueName":"search_term_string"}}],"inLanguage":"en-US"},{"@type":"Organization","@id":"https:\/\/rikissattasemjari.is\/#organization","name":"R\u00edkiss\u00e1ttasemjari","url":"https:\/\/rikissattasemjari.is\/","logo":{"@type":"ImageObject","inLanguage":"en-US","@id":"https:\/\/rikissattasemjari.is\/#\/schema\/logo\/image\/","url":"https:\/\/rikissattasemjari.is\/wp-content\/uploads\/2021\/01\/Rikissattasemjari_merki_alt_vinstri_pos.png","contentUrl":"https:\/\/rikissattasemjari.is\/wp-content\/uploads\/2021\/01\/Rikissattasemjari_merki_alt_vinstri_pos.png","width":2126,"height":472,"caption":"R\u00edkiss\u00e1ttasemjari"},"image":{"@id":"https:\/\/rikissattasemjari.is\/#\/schema\/logo\/image\/"}}]}},"_links":{"self":[{"href":"https:\/\/rikissattasemjari.is\/en\/wp-json\/wp\/v2\/pages\/9063","targetHints":{"allow":["GET"]}}],"collection":[{"href":"https:\/\/rikissattasemjari.is\/en\/wp-json\/wp\/v2\/pages"}],"about":[{"href":"https:\/\/rikissattasemjari.is\/en\/wp-json\/wp\/v2\/types\/page"}],"author":[{"embeddable":true,"href":"https:\/\/rikissattasemjari.is\/en\/wp-json\/wp\/v2\/users\/10"}],"replies":[{"embeddable":true,"href":"https:\/\/rikissattasemjari.is\/en\/wp-json\/wp\/v2\/comments?post=9063"}],"version-history":[{"count":29,"href":"https:\/\/rikissattasemjari.is\/en\/wp-json\/wp\/v2\/pages\/9063\/revisions"}],"predecessor-version":[{"id":17576,"href":"https:\/\/rikissattasemjari.is\/en\/wp-json\/wp\/v2\/pages\/9063\/revisions\/17576"}],"wp:attachment":[{"href":"https:\/\/rikissattasemjari.is\/en\/wp-json\/wp\/v2\/media?parent=9063"}],"curies":[{"name":"wp","href":"https:\/\/api.w.org\/{rel}","templated":true}]}}