{"id":8766,"date":"2021-01-14T15:13:53","date_gmt":"2021-01-14T15:13:53","guid":{"rendered":"https:\/\/rikissattasemjari.is\/news\/"},"modified":"2021-01-14T15:13:53","modified_gmt":"2021-01-14T15:13:53","slug":"news","status":"publish","type":"page","link":"https:\/\/rikissattasemjari.is\/en\/news\/","title":{"rendered":"News"},"content":{"rendered":"","protected":false},"excerpt":{"rendered":"","protected":false},"author":10,"featured_media":0,"parent":0,"menu_order":0,"comment_status":"closed","ping_status":"closed","template":"","meta":{"om_disable_all_campaigns":false,"_monsterinsights_skip_tracking":false,"_monsterinsights_sitenote_active":false,"_monsterinsights_sitenote_note":"","_monsterinsights_sitenote_category":0,"_price":"","_stock":"","_tribe_ticket_header":"","_tribe_default_ticket_provider":"","_tribe_ticket_capacity":"0","_ticket_start_date":"","_ticket_end_date":"","_tribe_ticket_show_description":"","_tribe_ticket_show_not_going":false,"_tribe_ticket_use_global_stock":"","_tribe_ticket_global_stock_level":"","_global_stock_mode":"","_global_stock_cap":"","_tribe_rsvp_for_event":"","_tribe_ticket_going_count":"","_tribe_ticket_not_going_count":"","_tribe_tickets_list":"[]","_tribe_ticket_has_attendee_info_fields":false,"_EventAllDay":false,"_EventTimezone":"","_EventStartDate":"","_EventEndDate":"","_EventStartDateUTC":"","_EventEndDateUTC":"","_EventShowMap":false,"_EventShowMapLink":false,"_EventURL":"","_EventCost":"","_EventCostDescription":"","_EventCurrencySymbol":"","_EventCurrencyCode":"","_EventCurrencyPosition":"","_EventDateTimeSeparator":"","_EventTimeRangeSeparator":"","_EventOrganizerID":[],"_EventVenueID":[],"_OrganizerEmail":"","_OrganizerPhone":"","_OrganizerWebsite":"","_VenueAddress":"","_VenueCity":"","_VenueCountry":"","_VenueProvince":"","_VenueState":"","_VenueZip":"","_VenuePhone":"","_VenueURL":"","_VenueStateProvince":"","_VenueLat":"","_VenueLng":"","_VenueShowMap":false,"_VenueShowMapLink":false,"_tribe_blocks_recurrence_rules":"","_tribe_blocks_recurrence_description":"","_tribe_blocks_recurrence_exclusions":"","footnotes":""},"class_list":["post-8766","page","type-page","status-publish"],"yoast_head":"<!-- This site is optimized with the Yoast SEO plugin v24.5 - https:\/\/yoast.com\/wordpress\/plugins\/seo\/ -->\n<title>R\u00edkiss\u00e1ttasemjari | News<\/title>\n<meta name=\"description\" content=\"Hlutverk r\u00edkiss\u00e1ttasemjara er a\u00f0 annast s\u00e1ttast\u00f6rf \u00ed vinnudeilum, fylgjast me\u00f0 \u00e1standi og horfum \u00ed atvinnul\u00edfi og \u00e1 vinnumarka\u00f0i og halda skr\u00e1 yfir gildandi kjarasamninga.\" \/>\n<meta name=\"robots\" content=\"index, follow, max-snippet:-1, max-image-preview:large, max-video-preview:-1\" \/>\n<link rel=\"canonical\" href=\"https:\/\/rikissattasemjari.is\/en\/news\/\" \/>\n<meta property=\"og:locale\" content=\"en_US\" \/>\n<meta property=\"og:type\" content=\"article\" \/>\n<meta property=\"og:title\" content=\"R\u00edkiss\u00e1ttasemjari | News\" \/>\n<meta property=\"og:description\" content=\"Hlutverk r\u00edkiss\u00e1ttasemjara er a\u00f0 annast s\u00e1ttast\u00f6rf \u00ed vinnudeilum, fylgjast me\u00f0 \u00e1standi og horfum \u00ed atvinnul\u00edfi og \u00e1 vinnumarka\u00f0i og halda skr\u00e1 yfir gildandi kjarasamninga.\" \/>\n<meta property=\"og:url\" content=\"https:\/\/rikissattasemjari.is\/en\/news\/\" \/>\n<meta property=\"og:site_name\" content=\"R\u00edkiss\u00e1ttasemjari\" \/>\n<meta property=\"og:image\" content=\"https:\/\/rikissattasemjari.is\/wp-content\/uploads\/2021\/02\/Borgartun21.jpg\" \/>\n\t<meta property=\"og:image:width\" content=\"600\" \/>\n\t<meta property=\"og:image:height\" content=\"400\" \/>\n\t<meta property=\"og:image:type\" content=\"image\/jpeg\" \/>\n<meta name=\"twitter:card\" content=\"summary_large_image\" \/>\n<script type=\"application\/ld+json\" class=\"yoast-schema-graph\">{\"@context\":\"https:\/\/schema.org\",\"@graph\":[{\"@type\":\"WebPage\",\"@id\":\"https:\/\/rikissattasemjari.is\/en\/news\/\",\"url\":\"https:\/\/rikissattasemjari.is\/en\/news\/\",\"name\":\"R\u00edkiss\u00e1ttasemjari | News\",\"isPartOf\":{\"@id\":\"https:\/\/rikissattasemjari.is\/#website\"},\"datePublished\":\"2021-01-14T15:13:53+00:00\",\"description\":\"Hlutverk r\u00edkiss\u00e1ttasemjara er a\u00f0 annast s\u00e1ttast\u00f6rf \u00ed vinnudeilum, fylgjast me\u00f0 \u00e1standi og horfum \u00ed atvinnul\u00edfi og \u00e1 vinnumarka\u00f0i og halda skr\u00e1 yfir gildandi kjarasamninga.\",\"breadcrumb\":{\"@id\":\"https:\/\/rikissattasemjari.is\/en\/news\/#breadcrumb\"},\"inLanguage\":\"en-US\",\"potentialAction\":[{\"@type\":\"ReadAction\",\"target\":[\"https:\/\/rikissattasemjari.is\/en\/news\/\"]}]},{\"@type\":\"BreadcrumbList\",\"@id\":\"https:\/\/rikissattasemjari.is\/en\/news\/#breadcrumb\",\"itemListElement\":[{\"@type\":\"ListItem\",\"position\":1,\"name\":\"Heim\",\"item\":\"https:\/\/rikissattasemjari.is\/en\/\"},{\"@type\":\"ListItem\",\"position\":2,\"name\":\"News\"}]},{\"@type\":\"WebSite\",\"@id\":\"https:\/\/rikissattasemjari.is\/#website\",\"url\":\"https:\/\/rikissattasemjari.is\/\",\"name\":\"R\u00edkiss\u00e1ttasemjari\",\"description\":\"Vefur r\u00edkiss\u00e1ttasemjara\",\"publisher\":{\"@id\":\"https:\/\/rikissattasemjari.is\/#organization\"},\"potentialAction\":[{\"@type\":\"SearchAction\",\"target\":{\"@type\":\"EntryPoint\",\"urlTemplate\":\"https:\/\/rikissattasemjari.is\/?s={search_term_string}\"},\"query-input\":{\"@type\":\"PropertyValueSpecification\",\"valueRequired\":true,\"valueName\":\"search_term_string\"}}],\"inLanguage\":\"en-US\"},{\"@type\":\"Organization\",\"@id\":\"https:\/\/rikissattasemjari.is\/#organization\",\"name\":\"R\u00edkiss\u00e1ttasemjari\",\"url\":\"https:\/\/rikissattasemjari.is\/\",\"logo\":{\"@type\":\"ImageObject\",\"inLanguage\":\"en-US\",\"@id\":\"https:\/\/rikissattasemjari.is\/#\/schema\/logo\/image\/\",\"url\":\"https:\/\/rikissattasemjari.is\/wp-content\/uploads\/2021\/01\/Rikissattasemjari_merki_alt_vinstri_pos.png\",\"contentUrl\":\"https:\/\/rikissattasemjari.is\/wp-content\/uploads\/2021\/01\/Rikissattasemjari_merki_alt_vinstri_pos.png\",\"width\":2126,\"height\":472,\"caption\":\"R\u00edkiss\u00e1ttasemjari\"},\"image\":{\"@id\":\"https:\/\/rikissattasemjari.is\/#\/schema\/logo\/image\/\"}}]}<\/script>\n<!-- \/ Yoast SEO plugin. -->","yoast_head_json":{"title":"R\u00edkiss\u00e1ttasemjari | News","description":"Hlutverk r\u00edkiss\u00e1ttasemjara er a\u00f0 annast s\u00e1ttast\u00f6rf \u00ed vinnudeilum, fylgjast me\u00f0 \u00e1standi og horfum \u00ed atvinnul\u00edfi og \u00e1 vinnumarka\u00f0i og halda skr\u00e1 yfir gildandi kjarasamninga.","robots":{"index":"index","follow":"follow","max-snippet":"max-snippet:-1","max-image-preview":"max-image-preview:large","max-video-preview":"max-video-preview:-1"},"canonical":"https:\/\/rikissattasemjari.is\/en\/news\/","og_locale":"en_US","og_type":"article","og_title":"R\u00edkiss\u00e1ttasemjari | News","og_description":"Hlutverk r\u00edkiss\u00e1ttasemjara er a\u00f0 annast s\u00e1ttast\u00f6rf \u00ed vinnudeilum, fylgjast me\u00f0 \u00e1standi og horfum \u00ed atvinnul\u00edfi og \u00e1 vinnumarka\u00f0i og halda skr\u00e1 yfir gildandi kjarasamninga.","og_url":"https:\/\/rikissattasemjari.is\/en\/news\/","og_site_name":"R\u00edkiss\u00e1ttasemjari","og_image":[{"width":600,"height":400,"url":"https:\/\/rikissattasemjari.is\/wp-content\/uploads\/2021\/02\/Borgartun21.jpg","type":"image\/jpeg"}],"twitter_card":"summary_large_image","schema":{"@context":"https:\/\/schema.org","@graph":[{"@type":"WebPage","@id":"https:\/\/rikissattasemjari.is\/en\/news\/","url":"https:\/\/rikissattasemjari.is\/en\/news\/","name":"R\u00edkiss\u00e1ttasemjari | News","isPartOf":{"@id":"https:\/\/rikissattasemjari.is\/#website"},"datePublished":"2021-01-14T15:13:53+00:00","description":"Hlutverk r\u00edkiss\u00e1ttasemjara er a\u00f0 annast s\u00e1ttast\u00f6rf \u00ed vinnudeilum, fylgjast me\u00f0 \u00e1standi og horfum \u00ed atvinnul\u00edfi og \u00e1 vinnumarka\u00f0i og halda skr\u00e1 yfir gildandi kjarasamninga.","breadcrumb":{"@id":"https:\/\/rikissattasemjari.is\/en\/news\/#breadcrumb"},"inLanguage":"en-US","potentialAction":[{"@type":"ReadAction","target":["https:\/\/rikissattasemjari.is\/en\/news\/"]}]},{"@type":"BreadcrumbList","@id":"https:\/\/rikissattasemjari.is\/en\/news\/#breadcrumb","itemListElement":[{"@type":"ListItem","position":1,"name":"Heim","item":"https:\/\/rikissattasemjari.is\/en\/"},{"@type":"ListItem","position":2,"name":"News"}]},{"@type":"WebSite","@id":"https:\/\/rikissattasemjari.is\/#website","url":"https:\/\/rikissattasemjari.is\/","name":"R\u00edkiss\u00e1ttasemjari","description":"Vefur r\u00edkiss\u00e1ttasemjara","publisher":{"@id":"https:\/\/rikissattasemjari.is\/#organization"},"potentialAction":[{"@type":"SearchAction","target":{"@type":"EntryPoint","urlTemplate":"https:\/\/rikissattasemjari.is\/?s={search_term_string}"},"query-input":{"@type":"PropertyValueSpecification","valueRequired":true,"valueName":"search_term_string"}}],"inLanguage":"en-US"},{"@type":"Organization","@id":"https:\/\/rikissattasemjari.is\/#organization","name":"R\u00edkiss\u00e1ttasemjari","url":"https:\/\/rikissattasemjari.is\/","logo":{"@type":"ImageObject","inLanguage":"en-US","@id":"https:\/\/rikissattasemjari.is\/#\/schema\/logo\/image\/","url":"https:\/\/rikissattasemjari.is\/wp-content\/uploads\/2021\/01\/Rikissattasemjari_merki_alt_vinstri_pos.png","contentUrl":"https:\/\/rikissattasemjari.is\/wp-content\/uploads\/2021\/01\/Rikissattasemjari_merki_alt_vinstri_pos.png","width":2126,"height":472,"caption":"R\u00edkiss\u00e1ttasemjari"},"image":{"@id":"https:\/\/rikissattasemjari.is\/#\/schema\/logo\/image\/"}}]}},"_links":{"self":[{"href":"https:\/\/rikissattasemjari.is\/en\/wp-json\/wp\/v2\/pages\/8766","targetHints":{"allow":["GET"]}}],"collection":[{"href":"https:\/\/rikissattasemjari.is\/en\/wp-json\/wp\/v2\/pages"}],"about":[{"href":"https:\/\/rikissattasemjari.is\/en\/wp-json\/wp\/v2\/types\/page"}],"author":[{"embeddable":true,"href":"https:\/\/rikissattasemjari.is\/en\/wp-json\/wp\/v2\/users\/10"}],"replies":[{"embeddable":true,"href":"https:\/\/rikissattasemjari.is\/en\/wp-json\/wp\/v2\/comments?post=8766"}],"version-history":[{"count":0,"href":"https:\/\/rikissattasemjari.is\/en\/wp-json\/wp\/v2\/pages\/8766\/revisions"}],"wp:attachment":[{"href":"https:\/\/rikissattasemjari.is\/en\/wp-json\/wp\/v2\/media?parent=8766"}],"curies":[{"name":"wp","href":"https:\/\/api.w.org\/{rel}","templated":true}]}}